{"id":2,"date":"2025-03-15T21:25:53","date_gmt":"2025-03-15T21:25:53","guid":{"rendered":"http:\/\/localhost:1112\/?page_id=2"},"modified":"2026-04-09T09:00:04","modified_gmt":"2026-04-09T09:00:04","slug":"sample-page","status":"publish","type":"page","link":"https:\/\/irish-setter.infra.workbestiedog.de\/","title":{"rendered":"Pawsitiv im B\u00fcro!"},"content":{"rendered":"\n<p>Mit <strong>Workbestiedog<\/strong> bringst Du mehr als nur einen Hund ins B\u00fcro \u2013 Du bringst <strong>W\u00e4rme, Verbindung und echte Zusammenarbeit<\/strong> ins Team.<\/p>\n\n\n\n<div style=\"height:100px\" aria-hidden=\"true\" class=\"wp-block-spacer\"><\/div>\n\n\n\n<div class=\"wp-block-group alignfull is-style-section-5 has-global-padding is-layout-constrained wp-block-group-is-layout-constrained is-style-section-5--1\" style=\"margin-top:0;margin-bottom:0;padding-top:var(--wp--preset--spacing--80);padding-bottom:var(--wp--preset--spacing--80)\">\n<div class=\"wp-block-columns alignwide is-layout-flex wp-container-core-columns-is-layout-1 wp-block-columns-is-layout-flex\">\n<div class=\"wp-block-column is-layout-flow wp-block-column-is-layout-flow\" style=\"padding-right:var(--wp--preset--spacing--50);flex-basis:45%\">\n<figure class=\"wp-block-image size-full\"><img loading=\"lazy\" decoding=\"async\" width=\"605\" height=\"806\" src=\"https:\/\/admin.workbestiedog.de:8080\/wp-content\/uploads\/2025\/05\/minju-buero-rotated.jpg\" alt=\"Frau mit langen schwarzen Haaren sitzt in einem schwarzen Anzug auf einem roten Sessel\" class=\"wp-image-47\" srcset=\"https:\/\/www.workbestiedog.de\/wp-content\/uploads\/2025\/05\/minju-buero-rotated.jpg 605w, https:\/\/www.workbestiedog.de\/wp-content\/uploads\/2025\/05\/minju-buero-225x300.jpg 225w\" sizes=\"auto, (max-width: 605px) 100vw, 605px\" \/><\/figure>\n\n\n\n<div class=\"wp-block-buttons is-content-justification-right is-layout-flex wp-container-core-buttons-is-layout-1 wp-block-buttons-is-layout-flex\">\n<div class=\"wp-block-button\"><a class=\"wp-block-button__link wp-element-button\" href=\"https:\/\/www.workbestiedog.de\/?page_id=16\"><mark style=\"background-color:rgba(0, 0, 0, 0)\" class=\"has-inline-color has-contrast-color\"><strong>\u00fcber mich<\/strong><\/mark><\/a><\/div>\n<\/div>\n\n\n\n<div style=\"height:16px\" aria-hidden=\"true\" class=\"wp-block-spacer\"><\/div>\n\n\n\n<div class=\"wp-block-group has-global-padding is-layout-constrained wp-block-group-is-layout-constrained\" style=\"margin-top:-12vw\"><\/div>\n<\/div>\n\n\n\n<div class=\"wp-block-column is-vertically-aligned-center is-layout-flow wp-block-column-is-layout-flow\" style=\"padding-right:0;padding-left:0;flex-basis:50%\">\n<div class=\"wp-block-group is-vertical is-layout-flex wp-container-core-group-is-layout-2 wp-block-group-is-layout-flex\">\n<h2 class=\"wp-block-heading is-style-text-annotation is-style-text-annotation--2\">Mission<\/h2>\n<\/div>\n\n\n\n<p class=\"is-style-text-subtitle is-style-text-subtitle--3\"><strong>Corporate Culture positiv ver\u00e4ndern!<\/strong><\/p>\n\n\n\n<p class=\"is-style-text-subtitle is-style-text-subtitle--4\"><sub>Viele Unternehmen k\u00e4mpfen mit <strong>Fachkr\u00e4ftemangel<\/strong>, hohen <strong>Ausfallzeiten<\/strong> und st\u00e4ndiger <strong>Fluktuation<\/strong>. Die klassischen \u201eFancy Benefits\u201c k\u00f6nnen sich vor allem kleine und mittlere Unternehmen oft nicht leisten.<\/sub><\/p>\n\n\n\n<p><strong>Genau hier setzt Workbestiedog an.<\/strong><\/p>\n\n\n\n<p>Mit meiner B\u00fcrohundberatung verbinde ich:<\/p>\n\n\n\n<ul class=\"wp-block-list\">\n<li>hundefreundliches B\u00fcro als <strong>Talent-Magnet<\/strong><\/li>\n\n\n\n<li>mit <strong>nachhaltiger Team- und Kommunikationsentwicklung<\/strong> aus moderne, bed\u00fcrfnisorientierte Hundetrainingsmethoden<\/li>\n<\/ul>\n\n\n\n<p class=\"is-style-text-subtitle is-style-text-subtitle--5\"><sub>Das Ergebnis:<br><strong>Mehr Vertrauen. Mehr Verbindung. Mehr Zufriedenheit<\/strong> \u2013 f\u00fcr Menschen und Hunde im Arbeitsalltag.<\/sub><\/p>\n<\/div>\n<\/div>\n<\/div>\n\n\n\n<div class=\"wp-block-group alignfull has-global-padding is-layout-constrained wp-container-core-group-is-layout-4 wp-block-group-is-layout-constrained\" style=\"margin-top:0;margin-bottom:0;padding-top:var(--wp--preset--spacing--50);padding-bottom:var(--wp--preset--spacing--50)\"><\/div>\n\n\n\n<div class=\"wp-block-group alignfull has-global-padding is-layout-constrained wp-block-group-is-layout-constrained\" style=\"margin-top:0;margin-bottom:0;padding-top:var(--wp--preset--spacing--60);padding-bottom:var(--wp--preset--spacing--60)\">\n<div class=\"wp-block-group alignwide is-content-justification-space-between is-layout-flex wp-container-core-group-is-layout-5 wp-block-group-is-layout-flex\">\n<h2 class=\"wp-block-heading has-x-large-font-size\"><strong>Meine Angebote<\/strong><\/h2>\n<\/div>\n\n\n\n<div class=\"wp-block-columns alignwide is-layout-flex wp-container-core-columns-is-layout-5 wp-block-columns-is-layout-flex\" style=\"margin-top:var(--wp--preset--spacing--70);margin-bottom:0\">\n<div class=\"wp-block-column has-border-color has-accent-6-border-color has-global-padding is-content-justification-center is-layout-constrained wp-container-core-column-is-layout-5 wp-block-column-is-layout-constrained\" style=\"border-width:1px;border-radius:10px;padding-top:var(--wp--preset--spacing--40);padding-right:var(--wp--preset--spacing--40);padding-bottom:var(--wp--preset--spacing--40);padding-left:var(--wp--preset--spacing--40)\">\n<div class=\"wp-block-columns is-not-stacked-on-mobile is-layout-flex wp-container-core-columns-is-layout-2 wp-block-columns-is-layout-flex\" style=\"margin-top:0;margin-bottom:0\">\n<div class=\"wp-block-column is-layout-flow wp-block-column-is-layout-flow\" style=\"flex-basis:70%\">\n<h4 class=\"wp-block-heading has-large-font-size\" style=\"margin-bottom:var(--wp--preset--spacing--20)\">\ud83d\udc15\u200d\ud83e\uddba <strong><a href=\"https:\/\/www.workbestiedog.de\/?page_id=209\">Onboarding B\u00fcrohund <\/a><\/strong><\/h4>\n\n\n\n<p class=\"has-small-font-size\"><strong>&#8220;F\u00fcr einen angenehmen Start&#8221;<\/strong><\/p>\n\n\n\n<p class=\"has-small-font-size\">Perfekt f\u00fcr Unternehmen, die Hunde professionell ins B\u00fcro integrieren m\u00f6chten.<\/p>\n<\/div>\n\n\n\n<div class=\"wp-block-column is-layout-flow wp-block-column-is-layout-flow\" style=\"margin-top:0;margin-right:0;margin-bottom:0;margin-left:0\">\n<h4 class=\"wp-block-heading has-text-align-right\">500\u20ac<\/h4>\n\n\n\n<p class=\"has-text-align-right has-small-font-size\" style=\"margin-top:0\">Insgesamt<\/p>\n\n\n\n<p class=\"has-text-align-right has-small-font-size\" style=\"margin-top:0\">5.5 Stunden<\/p>\n<\/div>\n<\/div>\n\n\n\n<div class=\"wp-block-buttons is-content-justification-center is-layout-flex wp-container-core-buttons-is-layout-2 wp-block-buttons-is-layout-flex\" style=\"margin-top:var(--wp--preset--spacing--30)\">\n<div class=\"wp-block-button\"><a class=\"wp-block-button__link wp-element-button\" href=\"https:\/\/admin.workbestiedog.de:8080\/?page_id=209\">mehr Infos<\/a><\/div>\n<\/div>\n<\/div>\n\n\n\n<div class=\"wp-block-column has-border-color has-accent-6-border-color has-global-padding is-content-justification-center is-layout-constrained wp-container-core-column-is-layout-8 wp-block-column-is-layout-constrained\" style=\"border-width:1px;border-radius:10px;padding-top:var(--wp--preset--spacing--40);padding-right:var(--wp--preset--spacing--40);padding-bottom:var(--wp--preset--spacing--40);padding-left:var(--wp--preset--spacing--40)\">\n<div class=\"wp-block-columns is-not-stacked-on-mobile is-layout-flex wp-container-core-columns-is-layout-3 wp-block-columns-is-layout-flex\" style=\"margin-top:0;margin-bottom:0\">\n<div class=\"wp-block-column is-layout-flow wp-block-column-is-layout-flow\" style=\"flex-basis:70%\">\n<h4 class=\"wp-block-heading has-large-font-size\" style=\"margin-bottom:var(--wp--preset--spacing--20)\">\ud83e\udd1d <strong><a href=\"https:\/\/www.workbestiedog.de\/?page_id=227\">Der B\u00fcrohund als Teamcoach<\/a><\/strong><\/h4>\n\n\n\n<p class=\"has-small-font-size\"><strong>&#8220;Pizzaparty war gestern&#8221;<\/strong><\/p>\n\n\n\n<p class=\"has-small-font-size\">Ideal zur F\u00f6rderung einer gesunden Teamkultur durch moderne Hundetrainingsprinzipien.<\/p>\n<\/div>\n\n\n\n<div class=\"wp-block-column is-layout-flow wp-block-column-is-layout-flow\" style=\"margin-top:0;margin-right:0;margin-bottom:0;margin-left:0\">\n<h4 class=\"wp-block-heading has-text-align-right\">790\u20ac<\/h4>\n\n\n\n<p class=\"has-text-align-right has-small-font-size\" style=\"margin-top:0\">3 Stunden<\/p>\n\n\n\n<p class=\"has-text-align-right has-small-font-size\" style=\"margin-top:0\">bis zu 10 Personen<\/p>\n<\/div>\n<\/div>\n\n\n\n<div class=\"wp-block-buttons is-content-justification-center is-layout-flex wp-container-core-buttons-is-layout-3 wp-block-buttons-is-layout-flex\" style=\"margin-top:var(--wp--preset--spacing--30)\">\n<div class=\"wp-block-button\"><a class=\"wp-block-button__link wp-element-button\" href=\"https:\/\/admin.workbestiedog.de:8080\/?page_id=227\">mehr Infos<\/a><\/div>\n<\/div>\n<\/div>\n\n\n\n<div class=\"wp-block-column has-border-color has-accent-6-border-color has-global-padding is-content-justification-center is-layout-constrained wp-container-core-column-is-layout-11 wp-block-column-is-layout-constrained\" style=\"border-width:1px;border-radius:10px;padding-top:var(--wp--preset--spacing--40);padding-right:var(--wp--preset--spacing--40);padding-bottom:var(--wp--preset--spacing--40);padding-left:var(--wp--preset--spacing--40)\">\n<div class=\"wp-block-columns is-not-stacked-on-mobile is-layout-flex wp-container-core-columns-is-layout-4 wp-block-columns-is-layout-flex\" style=\"margin-top:0;margin-bottom:0\">\n<div class=\"wp-block-column is-layout-flow wp-block-column-is-layout-flow\" style=\"flex-basis:70%\">\n<h4 class=\"wp-block-heading has-large-font-size\" style=\"margin-bottom:var(--wp--preset--spacing--20)\">\ud83d\udee0\ufe0f <strong><a href=\"https:\/\/www.workbestiedog.de\/?page_id=220\">Problemberatung B\u00fcrohund<\/a><\/strong><\/h4>\n\n\n\n<p class=\"has-small-font-size\">&#8220;<strong>Verbote sind keine L\u00f6sung&#8221;<\/strong><\/p>\n\n\n\n<p class=\"has-small-font-size\">F\u00fcr bestehende Herausforderungen im B\u00fcroalltag mit Hund(en).<\/p>\n<\/div>\n\n\n\n<div class=\"wp-block-column is-layout-flow wp-block-column-is-layout-flow\" style=\"margin-top:0;margin-right:0;margin-bottom:0;margin-left:0\">\n<h4 class=\"wp-block-heading has-text-align-right\">950\u20ac<\/h4>\n\n\n\n<p class=\"has-text-align-right has-small-font-size\" style=\"margin-top:0\">Insgesamt<\/p>\n\n\n\n<p class=\"has-text-align-right has-small-font-size\" style=\"margin-top:0\">8.5 Stunden<\/p>\n<\/div>\n<\/div>\n\n\n\n<div class=\"wp-block-buttons is-content-justification-center is-layout-flex wp-container-core-buttons-is-layout-4 wp-block-buttons-is-layout-flex\" style=\"margin-top:var(--wp--preset--spacing--30)\">\n<div class=\"wp-block-button\"><a class=\"wp-block-button__link wp-element-button\" href=\"https:\/\/admin.workbestiedog.de:8080\/?page_id=220\">mehr Infos<\/a><\/div>\n<\/div>\n<\/div>\n<\/div>\n<\/div>\n\n\n\n<p>\ud83d\udce9 <strong>Neugierig geworden?<\/strong><\/p>\n\n\n\n<p>Lass uns bei einem unverbindlichen Gespr\u00e4ch herausfinden, wie <strong>Workbestiedog<\/strong> dein Team st\u00e4rken kann.<\/p>\n\n\n\n<div class=\"wp-block-buttons is-layout-flex wp-block-buttons-is-layout-flex\">\n<div class=\"wp-block-button\"><a class=\"wp-block-button__link wp-element-button\" href=\"mailto:minju@workbestiedog.de\"><strong>Jetzt Schnuppergespr\u00e4ch buchen<\/strong><\/a><\/div>\n<\/div>\n\n\n\n<div style=\"height:100px\" aria-hidden=\"true\" class=\"wp-block-spacer\"><\/div>\n\n\n\n<p class=\"has-text-align-right\">Angebote <a href=\"https:\/\/www.workbestiedog.de\/?page_id=188\" data-type=\"page\" data-id=\"188\"><strong>F\u00fcr Privatkunden<\/strong><\/a><\/p>\n\n\n\n<p><\/p>\n","protected":false},"excerpt":{"rendered":"<p>Mit Workbestiedog bringst Du mehr als nur einen Hund ins B\u00fcro \u2013 Du bringst W\u00e4rme, Verbindung und echte Zusammenarbeit ins Team. Mission Corporate Culture positiv ver\u00e4ndern! Viele Unternehmen k\u00e4mpfen mit Fachkr\u00e4ftemangel, hohen Ausfallzeiten und st\u00e4ndiger Fluktuation. Die klassischen \u201eFancy Benefits\u201c k\u00f6nnen sich vor allem kleine und mittlere Unternehmen oft nicht leisten. Genau hier setzt Workbestiedog [&hellip;]<\/p>\n","protected":false},"author":1,"featured_media":0,"parent":0,"menu_order":0,"comment_status":"closed","ping_status":"closed","template":"","meta":{"footnotes":""},"class_list":["post-2","page","type-page","status-publish","hentry"],"_links":{"self":[{"href":"https:\/\/irish-setter.infra.workbestiedog.de\/index.php?rest_route=\/wp\/v2\/pages\/2","targetHints":{"allow":["GET"]}}],"collection":[{"href":"https:\/\/irish-setter.infra.workbestiedog.de\/index.php?rest_route=\/wp\/v2\/pages"}],"about":[{"href":"https:\/\/irish-setter.infra.workbestiedog.de\/index.php?rest_route=\/wp\/v2\/types\/page"}],"author":[{"embeddable":true,"href":"https:\/\/irish-setter.infra.workbestiedog.de\/index.php?rest_route=\/wp\/v2\/users\/1"}],"replies":[{"embeddable":true,"href":"https:\/\/irish-setter.infra.workbestiedog.de\/index.php?rest_route=%2Fwp%2Fv2%2Fcomments&post=2"}],"version-history":[{"count":28,"href":"https:\/\/irish-setter.infra.workbestiedog.de\/index.php?rest_route=\/wp\/v2\/pages\/2\/revisions"}],"predecessor-version":[{"id":243,"href":"https:\/\/irish-setter.infra.workbestiedog.de\/index.php?rest_route=\/wp\/v2\/pages\/2\/revisions\/243"}],"wp:attachment":[{"href":"https:\/\/irish-setter.infra.workbestiedog.de\/index.php?rest_route=%2Fwp%2Fv2%2Fmedia&parent=2"}],"curies":[{"name":"wp","href":"https:\/\/api.w.org\/{rel}","templated":true}]}}